{"id":2768,"date":"2024-01-29T07:12:47","date_gmt":"2024-01-29T07:12:47","guid":{"rendered":"https:\/\/ozellift.com\/product\/do-109\/"},"modified":"2024-02-20T06:51:40","modified_gmt":"2024-02-20T06:51:40","slug":"do-109","status":"publish","type":"product","link":"https:\/\/ozellift.com\/tr\/urun\/do-109\/","title":{"rendered":"DO &#8211; 109"},"content":{"rendered":"","protected":false},"excerpt":{"rendered":"<p>Otomatik kap\u0131<br \/>\nMerkez A\u00e7\u0131l\u0131\u015f\u0131<br \/>\nAlt\u0131 panel<br \/>\nPaslanmaz \u00c7elik Kaplama<\/p>\n","protected":false},"featured_media":2182,"template":"","meta":{"rank_math_lock_modified_date":false,"_uag_custom_page_level_css":"","site-sidebar-layout":"default","site-content-layout":"","ast-site-content-layout":"","site-content-style":"default","site-sidebar-style":"default","ast-global-header-display":"","ast-banner-title-visibility":"","ast-main-header-display":"","ast-hfb-above-header-display":"","ast-hfb-below-header-display":"","ast-hfb-mobile-header-display":"","site-post-title":"","ast-breadcrumbs-content":"","ast-featured-img":"","footer-sml-layout":"","theme-transparent-header-meta":"","adv-header-id-meta":"","stick-header-meta":"","header-above-stick-meta":"","header-main-stick-meta":"","header-below-stick-meta":"","astra-migrate-meta-layouts":"set","ast-page-background-enabled":"default","ast-page-background-meta":{"desktop":{"background-color":"var(--ast-global-color-4)","background-image":"","background-repeat":"repeat","background-position":"center center","background-size":"auto","background-attachment":"scroll","background-type":"","background-media":"","overlay-type":"","overlay-color":"","overlay-opacity":"","overlay-gradient":""},"tablet":{"background-color":"","background-image":"","background-repeat":"repeat","background-position":"center center","background-size":"auto","background-attachment":"scroll","background-type":"","background-media":"","overlay-type":"","overlay-color":"","overlay-opacity":"","overlay-gradient":""},"mobile":{"background-color":"","background-image":"","background-repeat":"repeat","background-position":"center center","background-size":"auto","background-attachment":"scroll","background-type":"","background-media":"","overlay-type":"","overlay-color":"","overlay-opacity":"","overlay-gradient":""}},"ast-content-background-meta":{"desktop":{"background-color":"var(--ast-global-color-5)","background-image":"","background-repeat":"repeat","background-position":"center center","background-size":"auto","background-attachment":"scroll","background-type":"","background-media":"","overlay-type":"","overlay-color":"","overlay-opacity":"","overlay-gradient":""},"tablet":{"background-color":"var(--ast-global-color-5)","background-image":"","background-repeat":"repeat","background-position":"center center","background-size":"auto","background-attachment":"scroll","background-type":"","background-media":"","overlay-type":"","overlay-color":"","overlay-opacity":"","overlay-gradient":""},"mobile":{"background-color":"var(--ast-global-color-5)","background-image":"","background-repeat":"repeat","background-position":"center center","background-size":"auto","background-attachment":"scroll","background-type":"","background-media":"","overlay-type":"","overlay-color":"","overlay-opacity":"","overlay-gradient":""}}},"product_cat":[53],"product_tag":[],"class_list":{"0":"post-2768","1":"product","2":"type-product","3":"status-publish","4":"has-post-thumbnail","6":"product_cat-doors-tr","7":"desktop-align-center","8":"tablet-align-center","9":"mobile-align-center","10":"ast-product-gallery-layout-first-image-large","11":"ast-product-gallery-with-no-image","12":"ast-product-tabs-layout-horizontal","14":"first","15":"instock","16":"shipping-taxable","17":"purchasable","18":"product-type-simple"},"uagb_featured_image_src":{"full":["https:\/\/ozellift.com\/wp-content\/uploads\/2024\/01\/WhatsApp-Image-2022-01-21-at-9.35.31-AM-1-273x300-1.jpeg",273,300,false],"thumbnail":["https:\/\/ozellift.com\/wp-content\/uploads\/2024\/01\/WhatsApp-Image-2022-01-21-at-9.35.31-AM-1-273x300-1-150x150.jpeg",150,150,true],"medium":["https:\/\/ozellift.com\/wp-content\/uploads\/2024\/01\/WhatsApp-Image-2022-01-21-at-9.35.31-AM-1-273x300-1.jpeg",273,300,false],"medium_large":["https:\/\/ozellift.com\/wp-content\/uploads\/2024\/01\/WhatsApp-Image-2022-01-21-at-9.35.31-AM-1-273x300-1.jpeg",273,300,false],"large":["https:\/\/ozellift.com\/wp-content\/uploads\/2024\/01\/WhatsApp-Image-2022-01-21-at-9.35.31-AM-1-273x300-1.jpeg",273,300,false],"1536x1536":["https:\/\/ozellift.com\/wp-content\/uploads\/2024\/01\/WhatsApp-Image-2022-01-21-at-9.35.31-AM-1-273x300-1.jpeg",273,300,false],"2048x2048":["https:\/\/ozellift.com\/wp-content\/uploads\/2024\/01\/WhatsApp-Image-2022-01-21-at-9.35.31-AM-1-273x300-1.jpeg",273,300,false],"woocommerce_thumbnail":["https:\/\/ozellift.com\/wp-content\/uploads\/2024\/01\/WhatsApp-Image-2022-01-21-at-9.35.31-AM-1-273x300-1.jpeg",273,300,false],"woocommerce_single":["https:\/\/ozellift.com\/wp-content\/uploads\/2024\/01\/WhatsApp-Image-2022-01-21-at-9.35.31-AM-1-273x300-1.jpeg",273,300,false],"woocommerce_gallery_thumbnail":["https:\/\/ozellift.com\/wp-content\/uploads\/2024\/01\/WhatsApp-Image-2022-01-21-at-9.35.31-AM-1-273x300-1-100x100.jpeg",100,100,true]},"uagb_author_info":{"display_name":"Amr","author_link":"https:\/\/ozellift.com\/tr\/author\/"},"uagb_comment_info":0,"uagb_excerpt":"Otomatik kap\u0131 Merkez A\u00e7\u0131l\u0131\u015f\u0131 Alt\u0131 panel Paslanmaz \u00c7elik Kaplama","_links":{"self":[{"href":"https:\/\/ozellift.com\/tr\/wp-json\/wp\/v2\/product\/2768","targetHints":{"allow":["GET"]}}],"collection":[{"href":"https:\/\/ozellift.com\/tr\/wp-json\/wp\/v2\/product"}],"about":[{"href":"https:\/\/ozellift.com\/tr\/wp-json\/wp\/v2\/types\/product"}],"wp:featuredmedia":[{"embeddable":true,"href":"https:\/\/ozellift.com\/tr\/wp-json\/wp\/v2\/media\/2182"}],"wp:attachment":[{"href":"https:\/\/ozellift.com\/tr\/wp-json\/wp\/v2\/media?parent=2768"}],"wp:term":[{"taxonomy":"product_cat","embeddable":true,"href":"https:\/\/ozellift.com\/tr\/wp-json\/wp\/v2\/product_cat?post=2768"},{"taxonomy":"product_tag","embeddable":true,"href":"https:\/\/ozellift.com\/tr\/wp-json\/wp\/v2\/product_tag?post=2768"}],"curies":[{"name":"wp","href":"https:\/\/api.w.org\/{rel}","templated":true}]}}