{"id":2770,"date":"2024-01-29T07:12:47","date_gmt":"2024-01-29T07:12:47","guid":{"rendered":"https:\/\/ozellift.com\/product\/ka-sa322\/"},"modified":"2024-03-20T12:19:28","modified_gmt":"2024-03-20T12:19:28","slug":"ka-sa322","status":"publish","type":"product","link":"https:\/\/ozellift.com\/tr\/urun\/ka-sa322\/","title":{"rendered":"KA-SA322"},"content":{"rendered":"","protected":false},"excerpt":{"rendered":"<p>KAPI T\u0130P\u0130<br \/>\nYar\u0131 Otomatik<br \/>\nKAPI A\u00c7ILI\u015eI<br \/>\nTaraf<br \/>\nKAPI B\u0130T\u0130RME<br \/>\nPaslanmaz \u00c7elik &#8211; Cam<br \/>\nPANEL SAYISI<br \/>\nbir<\/p>\n","protected":false},"featured_media":2166,"template":"","meta":{"rank_math_lock_modified_date":false,"_uag_custom_page_level_css":"","site-sidebar-layout":"default","site-content-layout":"","ast-site-content-layout":"default","site-content-style":"default","site-sidebar-style":"default","ast-global-header-display":"","ast-banner-title-visibility":"","ast-main-header-display":"","ast-hfb-above-header-display":"","ast-hfb-below-header-display":"","ast-hfb-mobile-header-display":"","site-post-title":"","ast-breadcrumbs-content":"","ast-featured-img":"","footer-sml-layout":"","theme-transparent-header-meta":"default","adv-header-id-meta":"","stick-header-meta":"","header-above-stick-meta":"","header-main-stick-meta":"","header-below-stick-meta":"","astra-migrate-meta-layouts":"set","ast-page-background-enabled":"default","ast-page-background-meta":{"desktop":{"background-color":"var(--ast-global-color-4)","background-image":"","background-repeat":"repeat","background-position":"center center","background-size":"auto","background-attachment":"scroll","background-type":"","background-media":"","overlay-type":"","overlay-color":"","overlay-opacity":"","overlay-gradient":""},"tablet":{"background-color":"","background-image":"","background-repeat":"repeat","background-position":"center center","background-size":"auto","background-attachment":"scroll","background-type":"","background-media":"","overlay-type":"","overlay-color":"","overlay-opacity":"","overlay-gradient":""},"mobile":{"background-color":"","background-image":"","background-repeat":"repeat","background-position":"center center","background-size":"auto","background-attachment":"scroll","background-type":"","background-media":"","overlay-type":"","overlay-color":"","overlay-opacity":"","overlay-gradient":""}},"ast-content-background-meta":{"desktop":{"background-color":"var(--ast-global-color-5)","background-image":"","background-repeat":"repeat","background-position":"center center","background-size":"auto","background-attachment":"scroll","background-type":"","background-media":"","overlay-type":"","overlay-color":"","overlay-opacity":"","overlay-gradient":""},"tablet":{"background-color":"var(--ast-global-color-5)","background-image":"","background-repeat":"repeat","background-position":"center center","background-size":"auto","background-attachment":"scroll","background-type":"","background-media":"","overlay-type":"","overlay-color":"","overlay-opacity":"","overlay-gradient":""},"mobile":{"background-color":"var(--ast-global-color-5)","background-image":"","background-repeat":"repeat","background-position":"center center","background-size":"auto","background-attachment":"scroll","background-type":"","background-media":"","overlay-type":"","overlay-color":"","overlay-opacity":"","overlay-gradient":""}}},"product_cat":[53],"product_tag":[],"class_list":{"0":"post-2770","1":"product","2":"type-product","3":"status-publish","4":"has-post-thumbnail","6":"product_cat-doors-tr","7":"desktop-align-center","8":"tablet-align-center","9":"mobile-align-center","10":"ast-product-gallery-layout-first-image-large","11":"ast-product-gallery-with-no-image","12":"ast-product-tabs-layout-horizontal","14":"first","15":"instock","16":"shipping-taxable","17":"purchasable","18":"product-type-simple"},"uagb_featured_image_src":{"full":["https:\/\/ozellift.com\/wp-content\/uploads\/2024\/01\/door7-132x300-1.png",132,300,false],"thumbnail":["https:\/\/ozellift.com\/wp-content\/uploads\/2024\/01\/door7-132x300-1-132x150.png",132,150,true],"medium":["https:\/\/ozellift.com\/wp-content\/uploads\/2024\/01\/door7-132x300-1.png",132,300,false],"medium_large":["https:\/\/ozellift.com\/wp-content\/uploads\/2024\/01\/door7-132x300-1.png",132,300,false],"large":["https:\/\/ozellift.com\/wp-content\/uploads\/2024\/01\/door7-132x300-1.png",132,300,false],"1536x1536":["https:\/\/ozellift.com\/wp-content\/uploads\/2024\/01\/door7-132x300-1.png",132,300,false],"2048x2048":["https:\/\/ozellift.com\/wp-content\/uploads\/2024\/01\/door7-132x300-1.png",132,300,false],"woocommerce_thumbnail":["https:\/\/ozellift.com\/wp-content\/uploads\/2024\/01\/door7-132x300-1.png",132,300,false],"woocommerce_single":["https:\/\/ozellift.com\/wp-content\/uploads\/2024\/01\/door7-132x300-1.png",132,300,false],"woocommerce_gallery_thumbnail":["https:\/\/ozellift.com\/wp-content\/uploads\/2024\/01\/door7-132x300-1-100x100.png",100,100,true]},"uagb_author_info":{"display_name":"Amr","author_link":"https:\/\/ozellift.com\/tr\/author\/"},"uagb_comment_info":0,"uagb_excerpt":"KAPI T\u0130P\u0130 Yar\u0131 Otomatik KAPI A\u00c7ILI\u015eI Taraf KAPI B\u0130T\u0130RME Paslanmaz \u00c7elik - Cam PANEL SAYISI bir","_links":{"self":[{"href":"https:\/\/ozellift.com\/tr\/wp-json\/wp\/v2\/product\/2770","targetHints":{"allow":["GET"]}}],"collection":[{"href":"https:\/\/ozellift.com\/tr\/wp-json\/wp\/v2\/product"}],"about":[{"href":"https:\/\/ozellift.com\/tr\/wp-json\/wp\/v2\/types\/product"}],"wp:featuredmedia":[{"embeddable":true,"href":"https:\/\/ozellift.com\/tr\/wp-json\/wp\/v2\/media\/2166"}],"wp:attachment":[{"href":"https:\/\/ozellift.com\/tr\/wp-json\/wp\/v2\/media?parent=2770"}],"wp:term":[{"taxonomy":"product_cat","embeddable":true,"href":"https:\/\/ozellift.com\/tr\/wp-json\/wp\/v2\/product_cat?post=2770"},{"taxonomy":"product_tag","embeddable":true,"href":"https:\/\/ozellift.com\/tr\/wp-json\/wp\/v2\/product_tag?post=2770"}],"curies":[{"name":"wp","href":"https:\/\/api.w.org\/{rel}","templated":true}]}}