{"id":2781,"date":"2024-01-29T07:12:40","date_gmt":"2024-01-29T07:12:40","guid":{"rendered":"https:\/\/ozellift.com\/product\/ka-f319\/"},"modified":"2024-02-20T06:46:36","modified_gmt":"2024-02-20T06:46:36","slug":"ka-f319","status":"publish","type":"product","link":"https:\/\/ozellift.com\/tr\/urun\/ka-f319\/","title":{"rendered":"KA-F319"},"content":{"rendered":"<p>TEKN\u0130K \u00d6ZELL\u0130K<br \/>\n\u2022 Limit anahtarl\u0131 DC-PWM<br \/>\n\u2022 220 V AC besleme gerilimi<br \/>\n\u2022 24 V DC F\u0131r\u00e7al\u0131 motor<br \/>\n\u2022 1 kanal 20 ppr kodlay\u0131c\u0131<\/p>\n","protected":false},"excerpt":{"rendered":"<p>TECHNICAL SPECIFICATION \u2022 DC-PWM with limit switch \u2022 220 V AC supply voltage\u2022 24 V DC Brushed motor \u2022 1 channel 20 ppr encoder<\/p>\n","protected":false},"featured_media":2162,"template":"","meta":{"rank_math_lock_modified_date":false,"_uag_custom_page_level_css":"","site-sidebar-layout":"default","site-content-layout":"","ast-site-content-layout":"default","site-content-style":"default","site-sidebar-style":"default","ast-global-header-display":"","ast-banner-title-visibility":"","ast-main-header-display":"","ast-hfb-above-header-display":"","ast-hfb-below-header-display":"","ast-hfb-mobile-header-display":"","site-post-title":"","ast-breadcrumbs-content":"","ast-featured-img":"","footer-sml-layout":"","theme-transparent-header-meta":"default","adv-header-id-meta":"","stick-header-meta":"","header-above-stick-meta":"","header-main-stick-meta":"","header-below-stick-meta":"","astra-migrate-meta-layouts":"set","ast-page-background-enabled":"default","ast-page-background-meta":{"desktop":{"background-color":"var(--ast-global-color-4)","background-image":"","background-repeat":"repeat","background-position":"center center","background-size":"auto","background-attachment":"scroll","background-type":"","background-media":"","overlay-type":"","overlay-color":"","overlay-opacity":"","overlay-gradient":""},"tablet":{"background-color":"","background-image":"","background-repeat":"repeat","background-position":"center center","background-size":"auto","background-attachment":"scroll","background-type":"","background-media":"","overlay-type":"","overlay-color":"","overlay-opacity":"","overlay-gradient":""},"mobile":{"background-color":"","background-image":"","background-repeat":"repeat","background-position":"center center","background-size":"auto","background-attachment":"scroll","background-type":"","background-media":"","overlay-type":"","overlay-color":"","overlay-opacity":"","overlay-gradient":""}},"ast-content-background-meta":{"desktop":{"background-color":"var(--ast-global-color-5)","background-image":"","background-repeat":"repeat","background-position":"center center","background-size":"auto","background-attachment":"scroll","background-type":"","background-media":"","overlay-type":"","overlay-color":"","overlay-opacity":"","overlay-gradient":""},"tablet":{"background-color":"var(--ast-global-color-5)","background-image":"","background-repeat":"repeat","background-position":"center center","background-size":"auto","background-attachment":"scroll","background-type":"","background-media":"","overlay-type":"","overlay-color":"","overlay-opacity":"","overlay-gradient":""},"mobile":{"background-color":"var(--ast-global-color-5)","background-image":"","background-repeat":"repeat","background-position":"center center","background-size":"auto","background-attachment":"scroll","background-type":"","background-media":"","overlay-type":"","overlay-color":"","overlay-opacity":"","overlay-gradient":""}}},"product_cat":[53],"product_tag":[],"class_list":{"0":"post-2781","1":"product","2":"type-product","3":"status-publish","4":"has-post-thumbnail","6":"product_cat-doors-tr","7":"desktop-align-center","8":"tablet-align-center","9":"mobile-align-center","10":"ast-product-gallery-layout-first-image-large","11":"ast-product-gallery-with-no-image","12":"ast-product-tabs-layout-horizontal","14":"first","15":"instock","16":"shipping-taxable","17":"purchasable","18":"product-type-simple"},"uagb_featured_image_src":{"full":["https:\/\/ozellift.com\/wp-content\/uploads\/2024\/01\/door5-167x300-1.png",167,300,false],"thumbnail":["https:\/\/ozellift.com\/wp-content\/uploads\/2024\/01\/door5-167x300-1-150x150.png",150,150,true],"medium":["https:\/\/ozellift.com\/wp-content\/uploads\/2024\/01\/door5-167x300-1.png",167,300,false],"medium_large":["https:\/\/ozellift.com\/wp-content\/uploads\/2024\/01\/door5-167x300-1.png",167,300,false],"large":["https:\/\/ozellift.com\/wp-content\/uploads\/2024\/01\/door5-167x300-1.png",167,300,false],"1536x1536":["https:\/\/ozellift.com\/wp-content\/uploads\/2024\/01\/door5-167x300-1.png",167,300,false],"2048x2048":["https:\/\/ozellift.com\/wp-content\/uploads\/2024\/01\/door5-167x300-1.png",167,300,false],"woocommerce_thumbnail":["https:\/\/ozellift.com\/wp-content\/uploads\/2024\/01\/door5-167x300-1.png",167,300,false],"woocommerce_single":["https:\/\/ozellift.com\/wp-content\/uploads\/2024\/01\/door5-167x300-1.png",167,300,false],"woocommerce_gallery_thumbnail":["https:\/\/ozellift.com\/wp-content\/uploads\/2024\/01\/door5-167x300-1-100x100.png",100,100,true]},"uagb_author_info":{"display_name":"Amr","author_link":"https:\/\/ozellift.com\/tr\/author\/"},"uagb_comment_info":0,"uagb_excerpt":"TECHNICAL SPECIFICATION \u2022 DC-PWM with limit switch \u2022 220 V AC supply voltage\u2022 24 V DC Brushed motor \u2022 1 channel 20 ppr encoder","_links":{"self":[{"href":"https:\/\/ozellift.com\/tr\/wp-json\/wp\/v2\/product\/2781","targetHints":{"allow":["GET"]}}],"collection":[{"href":"https:\/\/ozellift.com\/tr\/wp-json\/wp\/v2\/product"}],"about":[{"href":"https:\/\/ozellift.com\/tr\/wp-json\/wp\/v2\/types\/product"}],"wp:featuredmedia":[{"embeddable":true,"href":"https:\/\/ozellift.com\/tr\/wp-json\/wp\/v2\/media\/2162"}],"wp:attachment":[{"href":"https:\/\/ozellift.com\/tr\/wp-json\/wp\/v2\/media?parent=2781"}],"wp:term":[{"taxonomy":"product_cat","embeddable":true,"href":"https:\/\/ozellift.com\/tr\/wp-json\/wp\/v2\/product_cat?post=2781"},{"taxonomy":"product_tag","embeddable":true,"href":"https:\/\/ozellift.com\/tr\/wp-json\/wp\/v2\/product_tag?post=2781"}],"curies":[{"name":"wp","href":"https:\/\/api.w.org\/{rel}","templated":true}]}}