{"id":2784,"date":"2024-01-29T06:30:46","date_gmt":"2024-01-29T06:30:46","guid":{"rendered":"https:\/\/ozellift.com\/product\/cb-104\/"},"modified":"2024-02-20T19:00:10","modified_gmt":"2024-02-20T19:00:10","slug":"cb-104","status":"publish","type":"product","link":"https:\/\/ozellift.com\/tr\/urun\/cb-104\/","title":{"rendered":"CB-104"},"content":{"rendered":"","protected":false},"excerpt":{"rendered":"<p>KAB\u0130N \u0130\u00c7\u0130<br \/>\nDikey MDF Paneller<br \/>\nKAB\u0130N D\u00d6\u015eEME<br \/>\nGranit<br \/>\nKAB\u0130N TAVANLARI<br \/>\nLazer Kesim<br \/>\nKAB\u0130N TUTU\u015eLARI<br \/>\nPaslanmaz \u00c7elik K\u00fcpe\u015fte<\/p>\n","protected":false},"featured_media":2150,"template":"","meta":{"rank_math_lock_modified_date":false,"_uag_custom_page_level_css":"","site-sidebar-layout":"default","site-content-layout":"","ast-site-content-layout":"","site-content-style":"default","site-sidebar-style":"default","ast-global-header-display":"","ast-banner-title-visibility":"","ast-main-header-display":"","ast-hfb-above-header-display":"","ast-hfb-below-header-display":"","ast-hfb-mobile-header-display":"","site-post-title":"","ast-breadcrumbs-content":"","ast-featured-img":"","footer-sml-layout":"","theme-transparent-header-meta":"","adv-header-id-meta":"","stick-header-meta":"","header-above-stick-meta":"","header-main-stick-meta":"","header-below-stick-meta":"","astra-migrate-meta-layouts":"set","ast-page-background-enabled":"default","ast-page-background-meta":{"desktop":{"background-color":"var(--ast-global-color-4)","background-image":"","background-repeat":"repeat","background-position":"center center","background-size":"auto","background-attachment":"scroll","background-type":"","background-media":"","overlay-type":"","overlay-color":"","overlay-opacity":"","overlay-gradient":""},"tablet":{"background-color":"","background-image":"","background-repeat":"repeat","background-position":"center center","background-size":"auto","background-attachment":"scroll","background-type":"","background-media":"","overlay-type":"","overlay-color":"","overlay-opacity":"","overlay-gradient":""},"mobile":{"background-color":"","background-image":"","background-repeat":"repeat","background-position":"center center","background-size":"auto","background-attachment":"scroll","background-type":"","background-media":"","overlay-type":"","overlay-color":"","overlay-opacity":"","overlay-gradient":""}},"ast-content-background-meta":{"desktop":{"background-color":"var(--ast-global-color-5)","background-image":"","background-repeat":"repeat","background-position":"center center","background-size":"auto","background-attachment":"scroll","background-type":"","background-media":"","overlay-type":"","overlay-color":"","overlay-opacity":"","overlay-gradient":""},"tablet":{"background-color":"var(--ast-global-color-5)","background-image":"","background-repeat":"repeat","background-position":"center center","background-size":"auto","background-attachment":"scroll","background-type":"","background-media":"","overlay-type":"","overlay-color":"","overlay-opacity":"","overlay-gradient":""},"mobile":{"background-color":"var(--ast-global-color-5)","background-image":"","background-repeat":"repeat","background-position":"center center","background-size":"auto","background-attachment":"scroll","background-type":"","background-media":"","overlay-type":"","overlay-color":"","overlay-opacity":"","overlay-gradient":""}}},"product_cat":[48,49],"product_tag":[],"class_list":{"0":"post-2784","1":"product","2":"type-product","3":"status-publish","4":"has-post-thumbnail","6":"product_cat-elevators-tr","7":"product_cat-passengers-elevators-tr","8":"desktop-align-center","9":"tablet-align-center","10":"mobile-align-center","11":"ast-product-gallery-layout-first-image-large","12":"ast-product-gallery-with-no-image","13":"ast-product-tabs-layout-horizontal","15":"first","16":"instock","17":"shipping-taxable","18":"purchasable","19":"product-type-simple"},"uagb_featured_image_src":{"full":["https:\/\/ozellift.com\/wp-content\/uploads\/2024\/01\/cb5-176x300-1.png",176,300,false],"thumbnail":["https:\/\/ozellift.com\/wp-content\/uploads\/2024\/01\/cb5-176x300-1-150x150.png",150,150,true],"medium":["https:\/\/ozellift.com\/wp-content\/uploads\/2024\/01\/cb5-176x300-1.png",176,300,false],"medium_large":["https:\/\/ozellift.com\/wp-content\/uploads\/2024\/01\/cb5-176x300-1.png",176,300,false],"large":["https:\/\/ozellift.com\/wp-content\/uploads\/2024\/01\/cb5-176x300-1.png",176,300,false],"1536x1536":["https:\/\/ozellift.com\/wp-content\/uploads\/2024\/01\/cb5-176x300-1.png",176,300,false],"2048x2048":["https:\/\/ozellift.com\/wp-content\/uploads\/2024\/01\/cb5-176x300-1.png",176,300,false],"woocommerce_thumbnail":["https:\/\/ozellift.com\/wp-content\/uploads\/2024\/01\/cb5-176x300-1.png",176,300,false],"woocommerce_single":["https:\/\/ozellift.com\/wp-content\/uploads\/2024\/01\/cb5-176x300-1.png",176,300,false],"woocommerce_gallery_thumbnail":["https:\/\/ozellift.com\/wp-content\/uploads\/2024\/01\/cb5-176x300-1-100x100.png",100,100,true]},"uagb_author_info":{"display_name":"Amr","author_link":"https:\/\/ozellift.com\/tr\/author\/"},"uagb_comment_info":0,"uagb_excerpt":"KAB\u0130N \u0130\u00c7\u0130 Dikey MDF Paneller KAB\u0130N D\u00d6\u015eEME Granit KAB\u0130N TAVANLARI Lazer Kesim KAB\u0130N TUTU\u015eLARI Paslanmaz \u00c7elik K\u00fcpe\u015fte","_links":{"self":[{"href":"https:\/\/ozellift.com\/tr\/wp-json\/wp\/v2\/product\/2784","targetHints":{"allow":["GET"]}}],"collection":[{"href":"https:\/\/ozellift.com\/tr\/wp-json\/wp\/v2\/product"}],"about":[{"href":"https:\/\/ozellift.com\/tr\/wp-json\/wp\/v2\/types\/product"}],"wp:featuredmedia":[{"embeddable":true,"href":"https:\/\/ozellift.com\/tr\/wp-json\/wp\/v2\/media\/2150"}],"wp:attachment":[{"href":"https:\/\/ozellift.com\/tr\/wp-json\/wp\/v2\/media?parent=2784"}],"wp:term":[{"taxonomy":"product_cat","embeddable":true,"href":"https:\/\/ozellift.com\/tr\/wp-json\/wp\/v2\/product_cat?post=2784"},{"taxonomy":"product_tag","embeddable":true,"href":"https:\/\/ozellift.com\/tr\/wp-json\/wp\/v2\/product_tag?post=2784"}],"curies":[{"name":"wp","href":"https:\/\/api.w.org\/{rel}","templated":true}]}}