{"id":2814,"date":"2024-02-19T13:45:24","date_gmt":"2024-02-19T13:45:24","guid":{"rendered":"https:\/\/ozellift.com\/product\/everest\/"},"modified":"2024-02-20T19:14:46","modified_gmt":"2024-02-20T19:14:46","slug":"everest","status":"publish","type":"product","link":"https:\/\/ozellift.com\/tr\/urun\/everest\/","title":{"rendered":"EVEREST"},"content":{"rendered":"","protected":false},"excerpt":{"rendered":"<p>kaplama<br \/>\nYatay \u015ferit tasar\u0131m\u0131 ile sa\u00e7 \u00e7izgisi saten paslanmaz<\/p>\n<p>Sona ermek<br \/>\nLed \u0131\u015f\u0131kl\u0131 yan<\/p>\n<p>Aksesuarlar<br \/>\nAkrilik tavan lambas\u0131 ile orta<\/p>\n<p>Zemin<br \/>\nDo\u011fal granit<\/p>\n<p>Tavan<br \/>\nTavan lambas\u0131, Led \u0131\u015f\u0131kl\u0131 yan<\/p>\n<p>K\u00fcpe\u015fte<br \/>\nPaslanmaz \u00e7elik<\/p>\n","protected":false},"featured_media":2749,"template":"","meta":{"rank_math_lock_modified_date":false,"_uag_custom_page_level_css":"","site-sidebar-layout":"default","site-content-layout":"","ast-site-content-layout":"default","site-content-style":"default","site-sidebar-style":"default","ast-global-header-display":"","ast-banner-title-visibility":"","ast-main-header-display":"","ast-hfb-above-header-display":"","ast-hfb-below-header-display":"","ast-hfb-mobile-header-display":"","site-post-title":"","ast-breadcrumbs-content":"","ast-featured-img":"","footer-sml-layout":"","theme-transparent-header-meta":"default","adv-header-id-meta":"","stick-header-meta":"","header-above-stick-meta":"","header-main-stick-meta":"","header-below-stick-meta":"","astra-migrate-meta-layouts":"set","ast-page-background-enabled":"default","ast-page-background-meta":{"desktop":{"background-color":"var(--ast-global-color-4)","background-image":"","background-repeat":"repeat","background-position":"center center","background-size":"auto","background-attachment":"scroll","background-type":"","background-media":"","overlay-type":"","overlay-color":"","overlay-opacity":"","overlay-gradient":""},"tablet":{"background-color":"","background-image":"","background-repeat":"repeat","background-position":"center center","background-size":"auto","background-attachment":"scroll","background-type":"","background-media":"","overlay-type":"","overlay-color":"","overlay-opacity":"","overlay-gradient":""},"mobile":{"background-color":"","background-image":"","background-repeat":"repeat","background-position":"center center","background-size":"auto","background-attachment":"scroll","background-type":"","background-media":"","overlay-type":"","overlay-color":"","overlay-opacity":"","overlay-gradient":""}},"ast-content-background-meta":{"desktop":{"background-color":"var(--ast-global-color-5)","background-image":"","background-repeat":"repeat","background-position":"center center","background-size":"auto","background-attachment":"scroll","background-type":"","background-media":"","overlay-type":"","overlay-color":"","overlay-opacity":"","overlay-gradient":""},"tablet":{"background-color":"var(--ast-global-color-5)","background-image":"","background-repeat":"repeat","background-position":"center center","background-size":"auto","background-attachment":"scroll","background-type":"","background-media":"","overlay-type":"","overlay-color":"","overlay-opacity":"","overlay-gradient":""},"mobile":{"background-color":"var(--ast-global-color-5)","background-image":"","background-repeat":"repeat","background-position":"center center","background-size":"auto","background-attachment":"scroll","background-type":"","background-media":"","overlay-type":"","overlay-color":"","overlay-opacity":"","overlay-gradient":""}}},"product_cat":[54],"product_tag":[],"class_list":{"0":"post-2814","1":"product","2":"type-product","3":"status-publish","4":"has-post-thumbnail","6":"product_cat-observation-elevators-tr","7":"desktop-align-center","8":"tablet-align-center","9":"mobile-align-center","10":"ast-product-gallery-layout-first-image-large","11":"ast-product-gallery-with-no-image","12":"ast-product-tabs-layout-horizontal","14":"first","15":"instock","16":"shipping-taxable","17":"purchasable","18":"product-type-simple"},"uagb_featured_image_src":{"full":["https:\/\/ozellift.com\/wp-content\/uploads\/2024\/02\/o5.png",358,622,false],"thumbnail":["https:\/\/ozellift.com\/wp-content\/uploads\/2024\/02\/o5-150x150.png",150,150,true],"medium":["https:\/\/ozellift.com\/wp-content\/uploads\/2024\/02\/o5-173x300.png",173,300,true],"medium_large":["https:\/\/ozellift.com\/wp-content\/uploads\/2024\/02\/o5.png",358,622,false],"large":["https:\/\/ozellift.com\/wp-content\/uploads\/2024\/02\/o5.png",358,622,false],"1536x1536":["https:\/\/ozellift.com\/wp-content\/uploads\/2024\/02\/o5.png",358,622,false],"2048x2048":["https:\/\/ozellift.com\/wp-content\/uploads\/2024\/02\/o5.png",358,622,false],"woocommerce_thumbnail":["https:\/\/ozellift.com\/wp-content\/uploads\/2024\/02\/o5-300x500.png",300,500,true],"woocommerce_single":["https:\/\/ozellift.com\/wp-content\/uploads\/2024\/02\/o5.png",358,622,false],"woocommerce_gallery_thumbnail":["https:\/\/ozellift.com\/wp-content\/uploads\/2024\/02\/o5-100x100.png",100,100,true]},"uagb_author_info":{"display_name":"Sara","author_link":"https:\/\/ozellift.com\/tr\/author\/"},"uagb_comment_info":0,"uagb_excerpt":"kaplama Yatay \u015ferit tasar\u0131m\u0131 ile sa\u00e7 \u00e7izgisi saten paslanmaz Sona ermek Led \u0131\u015f\u0131kl\u0131 yan Aksesuarlar Akrilik tavan lambas\u0131 ile orta Zemin Do\u011fal granit Tavan Tavan lambas\u0131, Led \u0131\u015f\u0131kl\u0131 yan K\u00fcpe\u015fte Paslanmaz \u00e7elik","_links":{"self":[{"href":"https:\/\/ozellift.com\/tr\/wp-json\/wp\/v2\/product\/2814","targetHints":{"allow":["GET"]}}],"collection":[{"href":"https:\/\/ozellift.com\/tr\/wp-json\/wp\/v2\/product"}],"about":[{"href":"https:\/\/ozellift.com\/tr\/wp-json\/wp\/v2\/types\/product"}],"wp:featuredmedia":[{"embeddable":true,"href":"https:\/\/ozellift.com\/tr\/wp-json\/wp\/v2\/media\/2749"}],"wp:attachment":[{"href":"https:\/\/ozellift.com\/tr\/wp-json\/wp\/v2\/media?parent=2814"}],"wp:term":[{"taxonomy":"product_cat","embeddable":true,"href":"https:\/\/ozellift.com\/tr\/wp-json\/wp\/v2\/product_cat?post=2814"},{"taxonomy":"product_tag","embeddable":true,"href":"https:\/\/ozellift.com\/tr\/wp-json\/wp\/v2\/product_tag?post=2814"}],"curies":[{"name":"wp","href":"https:\/\/api.w.org\/{rel}","templated":true}]}}