{"id":2824,"date":"2024-01-29T07:22:39","date_gmt":"2024-01-29T07:22:39","guid":{"rendered":"https:\/\/ozellift.com\/product\/jaya\/"},"modified":"2024-02-20T19:13:08","modified_gmt":"2024-02-20T19:13:08","slug":"jaya","status":"publish","type":"product","link":"https:\/\/ozellift.com\/tr\/urun\/jaya\/","title":{"rendered":"JAYA"},"content":{"rendered":"","protected":false},"excerpt":{"rendered":"<p>kaplama<br \/>\nSaten Paslanmaz plaka bankac\u0131l\u0131\u011f\u0131<\/p>\n<p>Sona ermek<br \/>\nDekorasyon lambas\u0131 ile<\/p>\n<p>Aksesuarlar<br \/>\nAkrilik tavan lambas\u0131 ile orta<\/p>\n<p>Zemin<br \/>\nPVC<\/p>\n<p>Tavan<br \/>\nTavan lambas\u0131, Led \u0131\u015f\u0131kl\u0131 yan<\/p>\n<p>K\u00fcpe\u015fte<br \/>\nPaslanmaz \u00e7elik<\/p>\n","protected":false},"featured_media":2196,"template":"","meta":{"rank_math_lock_modified_date":false,"_uag_custom_page_level_css":"","site-sidebar-layout":"default","site-content-layout":"","ast-site-content-layout":"","site-content-style":"default","site-sidebar-style":"default","ast-global-header-display":"","ast-banner-title-visibility":"","ast-main-header-display":"","ast-hfb-above-header-display":"","ast-hfb-below-header-display":"","ast-hfb-mobile-header-display":"","site-post-title":"","ast-breadcrumbs-content":"","ast-featured-img":"","footer-sml-layout":"","theme-transparent-header-meta":"","adv-header-id-meta":"","stick-header-meta":"","header-above-stick-meta":"","header-main-stick-meta":"","header-below-stick-meta":"","astra-migrate-meta-layouts":"set","ast-page-background-enabled":"default","ast-page-background-meta":{"desktop":{"background-color":"var(--ast-global-color-4)","background-image":"","background-repeat":"repeat","background-position":"center center","background-size":"auto","background-attachment":"scroll","background-type":"","background-media":"","overlay-type":"","overlay-color":"","overlay-opacity":"","overlay-gradient":""},"tablet":{"background-color":"","background-image":"","background-repeat":"repeat","background-position":"center center","background-size":"auto","background-attachment":"scroll","background-type":"","background-media":"","overlay-type":"","overlay-color":"","overlay-opacity":"","overlay-gradient":""},"mobile":{"background-color":"","background-image":"","background-repeat":"repeat","background-position":"center center","background-size":"auto","background-attachment":"scroll","background-type":"","background-media":"","overlay-type":"","overlay-color":"","overlay-opacity":"","overlay-gradient":""}},"ast-content-background-meta":{"desktop":{"background-color":"var(--ast-global-color-5)","background-image":"","background-repeat":"repeat","background-position":"center center","background-size":"auto","background-attachment":"scroll","background-type":"","background-media":"","overlay-type":"","overlay-color":"","overlay-opacity":"","overlay-gradient":""},"tablet":{"background-color":"var(--ast-global-color-5)","background-image":"","background-repeat":"repeat","background-position":"center center","background-size":"auto","background-attachment":"scroll","background-type":"","background-media":"","overlay-type":"","overlay-color":"","overlay-opacity":"","overlay-gradient":""},"mobile":{"background-color":"var(--ast-global-color-5)","background-image":"","background-repeat":"repeat","background-position":"center center","background-size":"auto","background-attachment":"scroll","background-type":"","background-media":"","overlay-type":"","overlay-color":"","overlay-opacity":"","overlay-gradient":""}}},"product_cat":[48,54],"product_tag":[],"class_list":{"0":"post-2824","1":"product","2":"type-product","3":"status-publish","4":"has-post-thumbnail","6":"product_cat-elevators-tr","7":"product_cat-observation-elevators-tr","8":"desktop-align-center","9":"tablet-align-center","10":"mobile-align-center","11":"ast-product-gallery-layout-first-image-large","12":"ast-product-gallery-with-no-image","13":"ast-product-tabs-layout-horizontal","15":"first","16":"instock","17":"shipping-taxable","18":"purchasable","19":"product-type-simple"},"uagb_featured_image_src":{"full":["https:\/\/ozellift.com\/wp-content\/uploads\/2024\/01\/pa2.png",376,652,false],"thumbnail":["https:\/\/ozellift.com\/wp-content\/uploads\/2024\/01\/pa2-150x150.png",150,150,true],"medium":["https:\/\/ozellift.com\/wp-content\/uploads\/2024\/01\/pa2-173x300.png",173,300,true],"medium_large":["https:\/\/ozellift.com\/wp-content\/uploads\/2024\/01\/pa2.png",376,652,false],"large":["https:\/\/ozellift.com\/wp-content\/uploads\/2024\/01\/pa2.png",376,652,false],"1536x1536":["https:\/\/ozellift.com\/wp-content\/uploads\/2024\/01\/pa2.png",376,652,false],"2048x2048":["https:\/\/ozellift.com\/wp-content\/uploads\/2024\/01\/pa2.png",376,652,false],"woocommerce_thumbnail":["https:\/\/ozellift.com\/wp-content\/uploads\/2024\/01\/pa2-300x500.png",300,500,true],"woocommerce_single":["https:\/\/ozellift.com\/wp-content\/uploads\/2024\/01\/pa2.png",376,652,false],"woocommerce_gallery_thumbnail":["https:\/\/ozellift.com\/wp-content\/uploads\/2024\/01\/pa2-100x100.png",100,100,true]},"uagb_author_info":{"display_name":"Amr","author_link":"https:\/\/ozellift.com\/tr\/author\/"},"uagb_comment_info":0,"uagb_excerpt":"kaplama Saten Paslanmaz plaka bankac\u0131l\u0131\u011f\u0131 Sona ermek Dekorasyon lambas\u0131 ile Aksesuarlar Akrilik tavan lambas\u0131 ile orta Zemin PVC Tavan Tavan lambas\u0131, Led \u0131\u015f\u0131kl\u0131 yan K\u00fcpe\u015fte Paslanmaz \u00e7elik","_links":{"self":[{"href":"https:\/\/ozellift.com\/tr\/wp-json\/wp\/v2\/product\/2824","targetHints":{"allow":["GET"]}}],"collection":[{"href":"https:\/\/ozellift.com\/tr\/wp-json\/wp\/v2\/product"}],"about":[{"href":"https:\/\/ozellift.com\/tr\/wp-json\/wp\/v2\/types\/product"}],"wp:featuredmedia":[{"embeddable":true,"href":"https:\/\/ozellift.com\/tr\/wp-json\/wp\/v2\/media\/2196"}],"wp:attachment":[{"href":"https:\/\/ozellift.com\/tr\/wp-json\/wp\/v2\/media?parent=2824"}],"wp:term":[{"taxonomy":"product_cat","embeddable":true,"href":"https:\/\/ozellift.com\/tr\/wp-json\/wp\/v2\/product_cat?post=2824"},{"taxonomy":"product_tag","embeddable":true,"href":"https:\/\/ozellift.com\/tr\/wp-json\/wp\/v2\/product_tag?post=2824"}],"curies":[{"name":"wp","href":"https:\/\/api.w.org\/{rel}","templated":true}]}}